{"id":13,"date":"2022-06-15T23:07:20","date_gmt":"2022-06-15T21:07:20","guid":{"rendered":"http:\/\/etriercahorsbegoux.com\/?page_id=13"},"modified":"2024-10-08T10:51:04","modified_gmt":"2024-10-08T08:51:04","slug":"qui-sommes-nous","status":"publish","type":"page","link":"https:\/\/etriercahorsbegoux.com\/index.php\/qui-sommes-nous\/","title":{"rendered":"Le club"},"content":{"rendered":"\t\t<div data-elementor-type=\"wp-page\" data-elementor-id=\"13\" class=\"elementor elementor-13\">\n\t\t\t\t\t\t<section class=\"elementor-section elementor-top-section elementor-element elementor-element-0fa573a elementor-section-boxed elementor-section-height-default elementor-section-height-default\" data-id=\"0fa573a\" data-element_type=\"section\">\n\t\t\t\t\t\t<div class=\"elementor-container elementor-column-gap-default\">\n\t\t\t\t\t<div class=\"elementor-column elementor-col-100 elementor-top-column elementor-element elementor-element-dd400e7\" data-id=\"dd400e7\" data-element_type=\"column\">\n\t\t\t<div class=\"elementor-widget-wrap elementor-element-populated\">\n\t\t\t\t\t\t<div class=\"elementor-element elementor-element-d79315c elementor-widget elementor-widget-text-editor\" data-id=\"d79315c\" data-element_type=\"widget\" data-widget_type=\"text-editor.default\">\n\t\t\t\t<div class=\"elementor-widget-container\">\n\t\t\t\t\t\t\t\t\t<p>Situ\u00e9 sur les berges du Lot, aux portes de Cahors, notre centre \u00e9questre accueille tous les \u00e2ges et tous les niveaux, pour profiter ensemble de la pratique de l&#8217;\u00e9quitation et progresser.<\/p>\t\t\t\t\t\t\t\t<\/div>\n\t\t\t\t<\/div>\n\t\t\t\t\t<\/div>\n\t\t<\/div>\n\t\t\t\t\t<\/div>\n\t\t<\/section>\n\t\t\t\t<section class=\"elementor-section elementor-top-section elementor-element elementor-element-765589a elementor-section-boxed elementor-section-height-default elementor-section-height-default\" data-id=\"765589a\" data-element_type=\"section\">\n\t\t\t\t\t\t<div class=\"elementor-container elementor-column-gap-default\">\n\t\t\t\t\t<div class=\"elementor-column elementor-col-33 elementor-top-column elementor-element elementor-element-a453739\" data-id=\"a453739\" data-element_type=\"column\">\n\t\t\t<div class=\"elementor-widget-wrap elementor-element-populated\">\n\t\t\t\t\t\t<div class=\"elementor-element elementor-element-82fc16d elementor-widget elementor-widget-image\" data-id=\"82fc16d\" data-element_type=\"widget\" data-widget_type=\"image.default\">\n\t\t\t\t<div class=\"elementor-widget-container\">\n\t\t\t\t\t\t\t\t\t\t\t\t\t\t\t\t<a href=\"https:\/\/etriercahorsbegoux.com\/index.php\/nos-infrastructures\/\">\n\t\t\t\t\t\t\t<img fetchpriority=\"high\" decoding=\"async\" width=\"819\" height=\"819\" src=\"https:\/\/etriercahorsbegoux.com\/wp-content\/uploads\/2022\/06\/Mmanege_exterieur_etrier_cahors_begoux-1024x1024.jpg\" class=\"attachment-large size-large wp-image-345\" alt=\"\" srcset=\"https:\/\/etriercahorsbegoux.com\/wp-content\/uploads\/2022\/06\/Mmanege_exterieur_etrier_cahors_begoux-1024x1024.jpg 1024w, https:\/\/etriercahorsbegoux.com\/wp-content\/uploads\/2022\/06\/Mmanege_exterieur_etrier_cahors_begoux-300x300.jpg 300w, https:\/\/etriercahorsbegoux.com\/wp-content\/uploads\/2022\/06\/Mmanege_exterieur_etrier_cahors_begoux-150x150.jpg 150w, https:\/\/etriercahorsbegoux.com\/wp-content\/uploads\/2022\/06\/Mmanege_exterieur_etrier_cahors_begoux-768x768.jpg 768w, https:\/\/etriercahorsbegoux.com\/wp-content\/uploads\/2022\/06\/Mmanege_exterieur_etrier_cahors_begoux-600x600.jpg 600w, https:\/\/etriercahorsbegoux.com\/wp-content\/uploads\/2022\/06\/Mmanege_exterieur_etrier_cahors_begoux.jpg 1080w\" sizes=\"(max-width: 819px) 100vw, 819px\" \/>\t\t\t\t\t\t\t\t<\/a>\n\t\t\t\t\t\t\t\t\t\t\t\t\t\t\t<\/div>\n\t\t\t\t<\/div>\n\t\t\t\t<div class=\"elementor-element elementor-element-6bb0a65 elementor-widget elementor-widget-heading\" data-id=\"6bb0a65\" data-element_type=\"widget\" data-widget_type=\"heading.default\">\n\t\t\t\t<div class=\"elementor-widget-container\">\n\t\t\t\t\t<h6 class=\"elementor-heading-title elementor-size-default\"><a href=\"https:\/\/etriercahorsbegoux.com\/index.php\/nos-infrastructures\/\">NOS INFRASTRUCTURES<\/a><\/h6>\t\t\t\t<\/div>\n\t\t\t\t<\/div>\n\t\t\t\t\t<\/div>\n\t\t<\/div>\n\t\t\t\t<div class=\"elementor-column elementor-col-33 elementor-top-column elementor-element elementor-element-bb332d4\" data-id=\"bb332d4\" data-element_type=\"column\">\n\t\t\t<div class=\"elementor-widget-wrap elementor-element-populated\">\n\t\t\t\t\t\t<div class=\"elementor-element elementor-element-9e1d817 elementor-widget elementor-widget-image\" data-id=\"9e1d817\" data-element_type=\"widget\" data-widget_type=\"image.default\">\n\t\t\t\t<div class=\"elementor-widget-container\">\n\t\t\t\t\t\t\t\t\t\t\t\t\t\t\t\t<a href=\"https:\/\/etriercahorsbegoux.com\/index.php\/notre-equipe\/\">\n\t\t\t\t\t\t\t<img decoding=\"async\" width=\"768\" height=\"767\" src=\"https:\/\/etriercahorsbegoux.com\/wp-content\/uploads\/2022\/06\/Equipe_etrier_cahors_begoux.jpg\" class=\"attachment-large size-large wp-image-347\" alt=\"\" srcset=\"https:\/\/etriercahorsbegoux.com\/wp-content\/uploads\/2022\/06\/Equipe_etrier_cahors_begoux.jpg 768w, https:\/\/etriercahorsbegoux.com\/wp-content\/uploads\/2022\/06\/Equipe_etrier_cahors_begoux-300x300.jpg 300w, https:\/\/etriercahorsbegoux.com\/wp-content\/uploads\/2022\/06\/Equipe_etrier_cahors_begoux-150x150.jpg 150w, https:\/\/etriercahorsbegoux.com\/wp-content\/uploads\/2022\/06\/Equipe_etrier_cahors_begoux-600x600.jpg 600w\" sizes=\"(max-width: 768px) 100vw, 768px\" \/>\t\t\t\t\t\t\t\t<\/a>\n\t\t\t\t\t\t\t\t\t\t\t\t\t\t\t<\/div>\n\t\t\t\t<\/div>\n\t\t\t\t<div class=\"elementor-element elementor-element-714cbe7 elementor-widget elementor-widget-heading\" data-id=\"714cbe7\" data-element_type=\"widget\" data-widget_type=\"heading.default\">\n\t\t\t\t<div class=\"elementor-widget-container\">\n\t\t\t\t\t<h6 class=\"elementor-heading-title elementor-size-default\"><a href=\"https:\/\/etriercahorsbegoux.com\/index.php\/notre-equipe\/\">NOTRE EQUIPE<\/a><\/h6>\t\t\t\t<\/div>\n\t\t\t\t<\/div>\n\t\t\t\t\t<\/div>\n\t\t<\/div>\n\t\t\t\t<div class=\"elementor-column elementor-col-33 elementor-top-column elementor-element elementor-element-0a2fb13\" data-id=\"0a2fb13\" data-element_type=\"column\">\n\t\t\t<div class=\"elementor-widget-wrap elementor-element-populated\">\n\t\t\t\t\t\t<div class=\"elementor-element elementor-element-aa17823 elementor-widget elementor-widget-image\" data-id=\"aa17823\" data-element_type=\"widget\" data-widget_type=\"image.default\">\n\t\t\t\t<div class=\"elementor-widget-container\">\n\t\t\t\t\t\t\t\t\t\t\t\t\t\t\t\t<a href=\"https:\/\/etriercahorsbegoux.com\/index.php\/nos-partenaires\/\">\n\t\t\t\t\t\t\t<img decoding=\"async\" width=\"819\" height=\"819\" src=\"https:\/\/etriercahorsbegoux.com\/wp-content\/uploads\/2022\/07\/Spectacle-equitation-cahors-chevaux-1024x1024.jpg\" class=\"attachment-large size-large wp-image-566\" alt=\"\" srcset=\"https:\/\/etriercahorsbegoux.com\/wp-content\/uploads\/2022\/07\/Spectacle-equitation-cahors-chevaux-1024x1024.jpg 1024w, https:\/\/etriercahorsbegoux.com\/wp-content\/uploads\/2022\/07\/Spectacle-equitation-cahors-chevaux-300x300.jpg 300w, https:\/\/etriercahorsbegoux.com\/wp-content\/uploads\/2022\/07\/Spectacle-equitation-cahors-chevaux-150x150.jpg 150w, https:\/\/etriercahorsbegoux.com\/wp-content\/uploads\/2022\/07\/Spectacle-equitation-cahors-chevaux-768x768.jpg 768w, https:\/\/etriercahorsbegoux.com\/wp-content\/uploads\/2022\/07\/Spectacle-equitation-cahors-chevaux-600x600.jpg 600w, https:\/\/etriercahorsbegoux.com\/wp-content\/uploads\/2022\/07\/Spectacle-equitation-cahors-chevaux.jpg 1363w\" sizes=\"(max-width: 819px) 100vw, 819px\" \/>\t\t\t\t\t\t\t\t<\/a>\n\t\t\t\t\t\t\t\t\t\t\t\t\t\t\t<\/div>\n\t\t\t\t<\/div>\n\t\t\t\t<div class=\"elementor-element elementor-element-ed67e90 elementor-widget elementor-widget-heading\" data-id=\"ed67e90\" data-element_type=\"widget\" data-widget_type=\"heading.default\">\n\t\t\t\t<div class=\"elementor-widget-container\">\n\t\t\t\t\t<h6 class=\"elementor-heading-title elementor-size-default\"><a href=\"https:\/\/etriercahorsbegoux.com\/index.php\/nos-partenaires\/\">NOS PARTENAIRES<\/a><\/h6>\t\t\t\t<\/div>\n\t\t\t\t<\/div>\n\t\t\t\t\t<\/div>\n\t\t<\/div>\n\t\t\t\t\t<\/div>\n\t\t<\/section>\n\t\t\t\t<section class=\"elementor-section elementor-top-section elementor-element elementor-element-f335be7 elementor-section-boxed elementor-section-height-default elementor-section-height-default\" data-id=\"f335be7\" data-element_type=\"section\">\n\t\t\t\t\t\t<div class=\"elementor-container elementor-column-gap-default\">\n\t\t\t\t\t<div class=\"elementor-column elementor-col-100 elementor-top-column elementor-element elementor-element-9fb27c3\" data-id=\"9fb27c3\" data-element_type=\"column\">\n\t\t\t<div class=\"elementor-widget-wrap elementor-element-populated\">\n\t\t\t\t\t\t<div class=\"elementor-element elementor-element-256113d elementor-widget elementor-widget-spacer\" data-id=\"256113d\" data-element_type=\"widget\" data-widget_type=\"spacer.default\">\n\t\t\t\t<div class=\"elementor-widget-container\">\n\t\t\t\t\t\t\t<div class=\"elementor-spacer\">\n\t\t\t<div class=\"elementor-spacer-inner\"><\/div>\n\t\t<\/div>\n\t\t\t\t\t\t<\/div>\n\t\t\t\t<\/div>\n\t\t\t\t<div class=\"elementor-element elementor-element-40e4094 elementor-widget elementor-widget-image\" data-id=\"40e4094\" data-element_type=\"widget\" data-widget_type=\"image.default\">\n\t\t\t\t<div class=\"elementor-widget-container\">\n\t\t\t\t\t\t\t\t\t\t\t\t\t\t\t\t<a href=\"https:\/\/etriercahorsbegoux.com\/index.php\/vetements-accessoires-du-club\/\">\n\t\t\t\t\t\t\t<img loading=\"lazy\" decoding=\"async\" width=\"600\" height=\"123\" src=\"https:\/\/etriercahorsbegoux.com\/wp-content\/uploads\/2024\/10\/Image2-600x123.png\" class=\"attachment-post-thumbnail size-post-thumbnail wp-image-1701\" alt=\"\" \/>\t\t\t\t\t\t\t\t<\/a>\n\t\t\t\t\t\t\t\t\t\t\t\t\t\t\t<\/div>\n\t\t\t\t<\/div>\n\t\t\t\t\t<\/div>\n\t\t<\/div>\n\t\t\t\t\t<\/div>\n\t\t<\/section>\n\t\t\t\t<\/div>\n\t\t","protected":false},"excerpt":{"rendered":"<p>Situ\u00e9 sur les berges du Lot, aux portes de Cahors, notre centre \u00e9questre accueille tous les \u00e2ges et tous les [&hellip;]<\/p>\n","protected":false},"author":1,"featured_media":0,"parent":0,"menu_order":0,"comment_status":"closed","ping_status":"closed","template":"","meta":{"_monsterinsights_skip_tracking":false,"_monsterinsights_sitenote_active":false,"_monsterinsights_sitenote_note":"","_monsterinsights_sitenote_category":0,"footnotes":""},"class_list":["post-13","page","type-page","status-publish","hentry"],"_links":{"self":[{"href":"https:\/\/etriercahorsbegoux.com\/index.php\/wp-json\/wp\/v2\/pages\/13","targetHints":{"allow":["GET"]}}],"collection":[{"href":"https:\/\/etriercahorsbegoux.com\/index.php\/wp-json\/wp\/v2\/pages"}],"about":[{"href":"https:\/\/etriercahorsbegoux.com\/index.php\/wp-json\/wp\/v2\/types\/page"}],"author":[{"embeddable":true,"href":"https:\/\/etriercahorsbegoux.com\/index.php\/wp-json\/wp\/v2\/users\/1"}],"replies":[{"embeddable":true,"href":"https:\/\/etriercahorsbegoux.com\/index.php\/wp-json\/wp\/v2\/comments?post=13"}],"version-history":[{"count":25,"href":"https:\/\/etriercahorsbegoux.com\/index.php\/wp-json\/wp\/v2\/pages\/13\/revisions"}],"predecessor-version":[{"id":1708,"href":"https:\/\/etriercahorsbegoux.com\/index.php\/wp-json\/wp\/v2\/pages\/13\/revisions\/1708"}],"wp:attachment":[{"href":"https:\/\/etriercahorsbegoux.com\/index.php\/wp-json\/wp\/v2\/media?parent=13"}],"curies":[{"name":"wp","href":"https:\/\/api.w.org\/{rel}","templated":true}]}}