{"id":1523,"date":"2024-07-16T16:59:47","date_gmt":"2024-07-16T14:59:47","guid":{"rendered":"https:\/\/etriercahorsbegoux.com\/?page_id=1523"},"modified":"2025-07-15T15:45:10","modified_gmt":"2025-07-15T13:45:10","slug":"paiement-de-ladhesion","status":"publish","type":"page","link":"https:\/\/etriercahorsbegoux.com\/index.php\/paiement-de-ladhesion\/","title":{"rendered":"Etape 3 (facultative) : Paiement de l&#8217;adh\u00e9sion"},"content":{"rendered":"\t\t<div data-elementor-type=\"wp-page\" data-elementor-id=\"1523\" class=\"elementor elementor-1523\">\n\t\t\t\t\t\t<section class=\"elementor-section elementor-top-section elementor-element elementor-element-3d58b6f elementor-section-boxed elementor-section-height-default elementor-section-height-default\" data-id=\"3d58b6f\" data-element_type=\"section\">\n\t\t\t\t\t\t<div class=\"elementor-container elementor-column-gap-default\">\n\t\t\t\t\t<div class=\"elementor-column elementor-col-100 elementor-top-column elementor-element elementor-element-84fe1c5\" data-id=\"84fe1c5\" data-element_type=\"column\">\n\t\t\t<div class=\"elementor-widget-wrap elementor-element-populated\">\n\t\t\t\t\t\t<div class=\"elementor-element elementor-element-ff41867 elementor-widget elementor-widget-text-editor\" data-id=\"ff41867\" data-element_type=\"widget\" data-widget_type=\"text-editor.default\">\n\t\t\t\t<div class=\"elementor-widget-container\">\n\t\t\t\t\t\t\t\t\t<p>Si vous le souhaitez, vous pouvez profiter de votre r\u00e9inscription en ligne pour <b>payer l&#8217;adh\u00e9sion et la lice<\/b><strong>nce<\/strong> pour l&#8217;ann\u00e9e \u00e0 venir. Evidemment, cette \u00e9tape n&#8217;est pas obligatoire d\u00e8s maintenant pour vous (r\u00e9)inscrire au club. Vous pouvez attendre votre premier passage au club en septembre pour le faire !<\/p>\t\t\t\t\t\t\t\t<\/div>\n\t\t\t\t<\/div>\n\t\t\t\t<div class=\"elementor-element elementor-element-97d2e0e elementor-align-center elementor-widget elementor-widget-button\" data-id=\"97d2e0e\" data-element_type=\"widget\" data-widget_type=\"button.default\">\n\t\t\t\t<div class=\"elementor-widget-container\">\n\t\t\t\t\t\t\t\t\t<div class=\"elementor-button-wrapper\">\n\t\t\t\t\t<a class=\"elementor-button elementor-button-link elementor-size-sm\" href=\"https:\/\/etriercahorsbegoux.com\/index.php\/prelevement-automatique-mensuel-facultatif\/\">\n\t\t\t\t\t\t<span class=\"elementor-button-content-wrapper\">\n\t\t\t\t\t\t\t\t\t<span class=\"elementor-button-text\">Je paierai l'adh\u00e9sion en septembre au bureau du club<\/span>\n\t\t\t\t\t<\/span>\n\t\t\t\t\t<\/a>\n\t\t\t\t<\/div>\n\t\t\t\t\t\t\t\t<\/div>\n\t\t\t\t<\/div>\n\t\t\t\t<div class=\"elementor-element elementor-element-3735bf6 elementor-widget elementor-widget-spacer\" data-id=\"3735bf6\" data-element_type=\"widget\" data-widget_type=\"spacer.default\">\n\t\t\t\t<div class=\"elementor-widget-container\">\n\t\t\t\t\t\t\t<div class=\"elementor-spacer\">\n\t\t\t<div class=\"elementor-spacer-inner\"><\/div>\n\t\t<\/div>\n\t\t\t\t\t\t<\/div>\n\t\t\t\t<\/div>\n\t\t\t\t\t<\/div>\n\t\t<\/div>\n\t\t\t\t\t<\/div>\n\t\t<\/section>\n\t\t\t\t<section class=\"elementor-section elementor-top-section elementor-element elementor-element-8a481c1 elementor-section-boxed elementor-section-height-default elementor-section-height-default\" data-id=\"8a481c1\" data-element_type=\"section\">\n\t\t\t\t\t\t<div class=\"elementor-container elementor-column-gap-default\">\n\t\t\t\t\t<div class=\"elementor-column elementor-col-100 elementor-top-column elementor-element elementor-element-43d3d27\" data-id=\"43d3d27\" data-element_type=\"column\">\n\t\t\t<div class=\"elementor-widget-wrap elementor-element-populated\">\n\t\t\t\t\t\t<div class=\"elementor-element elementor-element-68eadda elementor-widget elementor-widget-heading\" data-id=\"68eadda\" data-element_type=\"widget\" data-widget_type=\"heading.default\">\n\t\t\t\t<div class=\"elementor-widget-container\">\n\t\t\t\t\t<h3 class=\"elementor-heading-title elementor-size-default\">Je paie pour plusieurs cavaliers (r\u00e9duction famille)<\/h3>\t\t\t\t<\/div>\n\t\t\t\t<\/div>\n\t\t\t\t<div class=\"elementor-element elementor-element-396646a elementor-widget elementor-widget-text-editor\" data-id=\"396646a\" data-element_type=\"widget\" data-widget_type=\"text-editor.default\">\n\t\t\t\t<div class=\"elementor-widget-container\">\n\t\t\t\t\t\t\t\t\t<p>Vous \u00eates une famille dont plusieurs membres sont cavaliers chez nous ? Vous pouvez b\u00e9n\u00e9ficier de la <strong>r\u00e9duction famille<\/strong> ! Malheureusement, notre outil de paiement en ligne ne nous permet de pas calculer automatiquement les r\u00e9ductions pour ces tarifs.<\/p><p>Si vous souhaitez toutefois payer en ligne, veuillez r\u00e9pondre au formulaire ci-dessous. Nous vous enverrons un <strong>lien de paiement<\/strong> personnalis\u00e9 par mail dans les plus brefs d\u00e9lais !<\/p><p><div class=\"frm_forms  with_frm_style frm_style_formidable-style\" id=\"frm_form_5_container\" data-token=\"9c9ede5a770134dd827e86a9c7c379e0\">\n<form enctype=\"multipart\/form-data\" method=\"post\" class=\"frm-show-form \" id=\"form_demande-de-paiement-adhesion-famille\" data-token=\"9c9ede5a770134dd827e86a9c7c379e0\">\n<div class=\"frm_form_fields \">\n<fieldset>\n<legend class=\"frm_screen_reader\">Demande de paiement adh\u00e9sion famille<\/legend>\n\n<div class=\"frm_fields_container\">\n<input type=\"hidden\" name=\"frm_action\" value=\"create\" \/>\n<input type=\"hidden\" name=\"form_id\" value=\"5\" \/>\n<input type=\"hidden\" name=\"frm_hide_fields_5\" id=\"frm_hide_fields_5\" value=\"\" \/>\n<input type=\"hidden\" name=\"form_key\" value=\"demande-de-paiement-adhesion-famille\" \/>\n<input type=\"hidden\" name=\"item_meta[0]\" value=\"\" \/>\n<input type=\"hidden\" id=\"frm_submit_entry_5\" name=\"frm_submit_entry_5\" value=\"840c76dd36\" \/><input type=\"hidden\" name=\"_wp_http_referer\" value=\"\/index.php\/wp-json\/wp\/v2\/pages\/1523\" \/><div id=\"frm_field_64_container\" class=\"frm_form_field form-field  frm_required_field frm_top_container\">\n\t<div  id=\"field_ay1ed_label\" class=\"frm_primary_label\">Qui \u00eates-vous ?\n\t\t<span class=\"frm_required\" aria-hidden=\"true\">*<\/span>\n\t<\/div>\n\t<fieldset aria-labelledby=\"field_ay1ed_label\">\n\t<legend class=\"frm_screen_reader frm_hidden\">\n\t\tQui \u00eates-vous ?\t<\/legend>\n\n\t<div  class=\"frm_combo_inputs_container\" id=\"frm_combo_inputs_container_64\" data-name-layout=\"first_last\">\n\t\t\t\t\t<div\n\t\t\t\tid=\"frm_field_64-first_container\"\n\t\t\t\tclass=\"frm_form_field form-field frm_form_subfield-first  frm6\"\n\t\t\t\tdata-sub-field-name=\"first\"\n\t\t\t>\n\t\t\t\t<label for=\"field_ay1ed_first\" class=\"frm_screen_reader frm_hidden\">\n\t\t\t\t\tNom\t\t\t\t<\/label>\n\n\t\t\t\t<input  type=\"text\" id=\"field_ay1ed_first\" value=\"\" name=\"item_meta[64][first]\" data-reqmsg=\"Qui \u00eates-vous ? cannot be blank.\" aria-required=\"true\" data-invmsg=\"Qui \u00eates-vous ? est non valide\" aria-invalid=\"false\"  \/><div class=\"frm_description\" id=\"frm_field_64_first_desc\">Nom<\/div>\t\t\t<\/div>\n\t\t\t\t\t\t<div\n\t\t\t\tid=\"frm_field_64-last_container\"\n\t\t\t\tclass=\"frm_form_field form-field frm_form_subfield-last  frm6\"\n\t\t\t\tdata-sub-field-name=\"last\"\n\t\t\t>\n\t\t\t\t<label for=\"field_ay1ed_last\" class=\"frm_screen_reader frm_hidden\">\n\t\t\t\t\tPr\u00e9nom\t\t\t\t<\/label>\n\n\t\t\t\t<input  type=\"text\" id=\"field_ay1ed_last\" value=\"\" name=\"item_meta[64][last]\" data-reqmsg=\"Qui \u00eates-vous ? cannot be blank.\" aria-required=\"true\" data-invmsg=\"Qui \u00eates-vous ? est non valide\" aria-invalid=\"false\"  \/><div class=\"frm_description\" id=\"frm_field_64_last_desc\">Pr\u00e9nom<\/div>\t\t\t<\/div>\n\t\t\t\t<\/div>\n<\/fieldset>\n\n\t\n\t\n<\/div>\n<div id=\"frm_field_66_container\" class=\"frm_form_field form-field  frm_required_field frm_top_container frm6 frm_first\">\n\t<label for=\"field_oyvyj\" id=\"field_oyvyj_label\" class=\"frm_primary_label\">Email\n\t\t<span class=\"frm_required\" aria-hidden=\"true\">*<\/span>\n\t<\/label>\n\t<input type=\"email\" id=\"field_oyvyj\" name=\"item_meta[66]\" value=\"\"  data-reqmsg=\"Email cannot be blank.\" aria-required=\"true\" data-invmsg=\"Email is invalid\" aria-invalid=\"false\"  \/>\n\t\n\t\n<\/div>\n<div id=\"frm_field_75_container\" class=\"frm_form_field form-field  frm_required_field frm_top_container frm6\">\n\t<label for=\"field_ue4e\" id=\"field_ue4e_label\" class=\"frm_primary_label\">Quelles sont les ann\u00e9es de naissance des cavaliers \u00e0 faire adh\u00e9rer ?\n\t\t<span class=\"frm_required\" aria-hidden=\"true\">*<\/span>\n\t<\/label>\n\t<input type=\"text\" id=\"field_ue4e\" name=\"item_meta[75]\" value=\"\"  data-reqmsg=\"Quelles sont les ann\u00e9es de naissance des cavaliers \u00e0 faire adh\u00e9rer ? cannot be blank.\" aria-required=\"true\" data-invmsg=\"Quelles sont les ann\u00e9es de naissance des cavaliers \u00e0 faire adh\u00e9rer ? is invalid\" aria-invalid=\"false\"  \/>\n\t\n\t\n<\/div>\n<div id=\"frm_field_76_container\" class=\"frm_form_field form-field  frm_none_container frm6 frm_first\">\n\t<label for=\"g-recaptcha-response\" id=\"field_58tda_label\" class=\"frm_primary_label\">\n\t\t<span class=\"frm_required\" aria-hidden=\"true\"><\/span>\n\t<\/label>\n\t<div  id=\"field_58tda\" class=\"frm-g-recaptcha\" data-sitekey=\"6LevdiAqAAAAAMrHbseX277I4r3SQX1ifEXmsUvJ\" data-size=\"normal\" data-theme=\"light\"><\/div>\n\t\n\t\n<\/div>\n<div id=\"frm_field_63_container\" class=\"frm_form_field form-field  frm6\">\n\t<div class=\"frm_submit frm_flex\">\n<button class=\"frm_button_submit\" type=\"submit\"  >Envoyer <\/button>\n\n\n\n<\/div>\n<\/div>\n\t<input type=\"hidden\" name=\"item_key\" value=\"\" \/>\n\t\t\t<div id=\"frm_field_91_container\">\n\t\t\t<label for=\"field_v33wb\" >\n\t\t\t\tSi vous \u00eates un humain, ne remplissez pas ce champ.\t\t\t<\/label>\n\t\t\t<input  id=\"field_v33wb\" type=\"text\" class=\"frm_form_field form-field frm_verify\" name=\"item_meta[91]\" value=\"\"  \/>\n\t\t<\/div>\n\t\t<input name=\"frm_state\" type=\"hidden\" value=\"64ZmP5MEFRQzbZFAfAsn3knZMgosb9yuqSXPaSB1V4A=\" \/><\/div>\n<\/fieldset>\n<\/div>\n\n<\/form>\n<\/div>\n<\/p>\t\t\t\t\t\t\t\t<\/div>\n\t\t\t\t<\/div>\n\t\t\t\t<div class=\"elementor-element elementor-element-c86cdd6 elementor-align-center elementor-widget elementor-widget-button\" data-id=\"c86cdd6\" data-element_type=\"widget\" data-widget_type=\"button.default\">\n\t\t\t\t<div class=\"elementor-widget-container\">\n\t\t\t\t\t\t\t\t\t<div class=\"elementor-button-wrapper\">\n\t\t\t\t\t<a class=\"elementor-button elementor-button-link elementor-size-sm\" href=\"https:\/\/etriercahorsbegoux.com\/index.php\/prelevement-automatique-mensuel-facultatif\/\">\n\t\t\t\t\t\t<span class=\"elementor-button-content-wrapper\">\n\t\t\t\t\t\t\t\t\t<span class=\"elementor-button-text\">Je passe \u00e0 l'\u00e9tape suivante !<\/span>\n\t\t\t\t\t<\/span>\n\t\t\t\t\t<\/a>\n\t\t\t\t<\/div>\n\t\t\t\t\t\t\t\t<\/div>\n\t\t\t\t<\/div>\n\t\t\t\t<div class=\"elementor-element elementor-element-7bdf9c5 elementor-widget elementor-widget-spacer\" data-id=\"7bdf9c5\" data-element_type=\"widget\" data-widget_type=\"spacer.default\">\n\t\t\t\t<div class=\"elementor-widget-container\">\n\t\t\t\t\t\t\t<div class=\"elementor-spacer\">\n\t\t\t<div class=\"elementor-spacer-inner\"><\/div>\n\t\t<\/div>\n\t\t\t\t\t\t<\/div>\n\t\t\t\t<\/div>\n\t\t\t\t<div class=\"elementor-element elementor-element-aa9ce32 elementor-widget elementor-widget-heading\" data-id=\"aa9ce32\" data-element_type=\"widget\" data-widget_type=\"heading.default\">\n\t\t\t\t<div class=\"elementor-widget-container\">\n\t\t\t\t\t<h3 class=\"elementor-heading-title elementor-size-default\">Je paie pour un seul cavalier<\/h3>\t\t\t\t<\/div>\n\t\t\t\t<\/div>\n\t\t\t\t<div class=\"elementor-element elementor-element-6b0c0eb elementor-widget elementor-widget-text-editor\" data-id=\"6b0c0eb\" data-element_type=\"widget\" data-widget_type=\"text-editor.default\">\n\t\t\t\t<div class=\"elementor-widget-container\">\n\t\t\t\t\t\t\t\t\t<p>Si un seul membre de votre famille souhaite devenir adh\u00e9rent \u00e0 l&#8217;Etrier (aucune r\u00e9duction famille), vous pouvez directement payer ci-dessous ! Les tarifs sont d\u00e9finis selon l&#8217;ann\u00e9e de naissance et comprennent deux \u00e9l\u00e9ments :<\/p><ul><li><strong>L&#8217;adh\u00e9sion<\/strong> \ud83e\udd1d, permettant de devenir membre de l&#8217;association de l&#8217;Etrier de Cahors-B\u00e9goux, pratiquer l&#8217;\u00e9quitation de mani\u00e8re r\u00e9guli\u00e8re, et de profiter des tarifs r\u00e9duits sur les activit\u00e9s des vacances (stages, promenade, camp, colonie, cours particuliers&#8230;)<\/li><li><strong>La licence<\/strong> \ud83c\udfeb, revers\u00e9e \u00e0 la F\u00e9d\u00e9ration Fran\u00e7aise d&#8217;Equitation, vous permettant de b\u00e9n\u00e9ficier de leur assurance et d&#8217;\u00e9ventuellement participer \u00e0 des concours officiels<\/li><\/ul>\t\t\t\t\t\t\t\t<\/div>\n\t\t\t\t<\/div>\n\t\t\t\t<div class=\"elementor-element elementor-element-131d22e elementor-widget elementor-widget-html\" data-id=\"131d22e\" data-element_type=\"widget\" data-widget_type=\"html.default\">\n\t\t\t\t<div class=\"elementor-widget-container\">\n\t\t\t\t\t<iframe id=\"haWidget\" allowtransparency=\"true\" src=\"https:\/\/www.helloasso.com\/associations\/l-etrier-de-cahors-begoux\/adhesions\/adhesion-2025\/widget\" style=\"width: 100%; height: 400px; border: none;\"><\/iframe>\t\t\t\t<\/div>\n\t\t\t\t<\/div>\n\t\t\t\t<div class=\"elementor-element elementor-element-21a056b elementor-widget elementor-widget-spacer\" data-id=\"21a056b\" data-element_type=\"widget\" data-widget_type=\"spacer.default\">\n\t\t\t\t<div class=\"elementor-widget-container\">\n\t\t\t\t\t\t\t<div class=\"elementor-spacer\">\n\t\t\t<div class=\"elementor-spacer-inner\"><\/div>\n\t\t<\/div>\n\t\t\t\t\t\t<\/div>\n\t\t\t\t<\/div>\n\t\t\t\t<div class=\"elementor-element elementor-element-1441ae7 elementor-align-center elementor-widget elementor-widget-button\" data-id=\"1441ae7\" data-element_type=\"widget\" data-widget_type=\"button.default\">\n\t\t\t\t<div class=\"elementor-widget-container\">\n\t\t\t\t\t\t\t\t\t<div class=\"elementor-button-wrapper\">\n\t\t\t\t\t<a class=\"elementor-button elementor-button-link elementor-size-sm\" href=\"https:\/\/etriercahorsbegoux.com\/index.php\/prelevement-automatique-mensuel-facultatif\/\">\n\t\t\t\t\t\t<span class=\"elementor-button-content-wrapper\">\n\t\t\t\t\t\t\t\t\t<span class=\"elementor-button-text\">Je passe \u00e0 l'\u00e9tape suivante !<\/span>\n\t\t\t\t\t<\/span>\n\t\t\t\t\t<\/a>\n\t\t\t\t<\/div>\n\t\t\t\t\t\t\t\t<\/div>\n\t\t\t\t<\/div>\n\t\t\t\t<div class=\"elementor-element elementor-element-3211e1b elementor-widget elementor-widget-spacer\" data-id=\"3211e1b\" data-element_type=\"widget\" data-widget_type=\"spacer.default\">\n\t\t\t\t<div class=\"elementor-widget-container\">\n\t\t\t\t\t\t\t<div class=\"elementor-spacer\">\n\t\t\t<div class=\"elementor-spacer-inner\"><\/div>\n\t\t<\/div>\n\t\t\t\t\t\t<\/div>\n\t\t\t\t<\/div>\n\t\t\t\t\t<\/div>\n\t\t<\/div>\n\t\t\t\t\t<\/div>\n\t\t<\/section>\n\t\t\t\t<\/div>\n\t\t","protected":false},"excerpt":{"rendered":"<p>Si vous le souhaitez, vous pouvez profiter de votre r\u00e9inscription en ligne pour payer l&#8217;adh\u00e9sion et la licence pour l&#8217;ann\u00e9e [&hellip;]<\/p>\n","protected":false},"author":1,"featured_media":0,"parent":0,"menu_order":0,"comment_status":"closed","ping_status":"closed","template":"","meta":{"_monsterinsights_skip_tracking":false,"_monsterinsights_sitenote_active":false,"_monsterinsights_sitenote_note":"","_monsterinsights_sitenote_category":0,"footnotes":""},"class_list":["post-1523","page","type-page","status-publish","hentry"],"_links":{"self":[{"href":"https:\/\/etriercahorsbegoux.com\/index.php\/wp-json\/wp\/v2\/pages\/1523","targetHints":{"allow":["GET"]}}],"collection":[{"href":"https:\/\/etriercahorsbegoux.com\/index.php\/wp-json\/wp\/v2\/pages"}],"about":[{"href":"https:\/\/etriercahorsbegoux.com\/index.php\/wp-json\/wp\/v2\/types\/page"}],"author":[{"embeddable":true,"href":"https:\/\/etriercahorsbegoux.com\/index.php\/wp-json\/wp\/v2\/users\/1"}],"replies":[{"embeddable":true,"href":"https:\/\/etriercahorsbegoux.com\/index.php\/wp-json\/wp\/v2\/comments?post=1523"}],"version-history":[{"count":35,"href":"https:\/\/etriercahorsbegoux.com\/index.php\/wp-json\/wp\/v2\/pages\/1523\/revisions"}],"predecessor-version":[{"id":2068,"href":"https:\/\/etriercahorsbegoux.com\/index.php\/wp-json\/wp\/v2\/pages\/1523\/revisions\/2068"}],"wp:attachment":[{"href":"https:\/\/etriercahorsbegoux.com\/index.php\/wp-json\/wp\/v2\/media?parent=1523"}],"curies":[{"name":"wp","href":"https:\/\/api.w.org\/{rel}","templated":true}]}}