{"id":1634,"date":"2024-09-20T15:57:14","date_gmt":"2024-09-20T13:57:14","guid":{"rendered":"https:\/\/etriercahorsbegoux.com\/?page_id=1634"},"modified":"2025-10-22T11:16:22","modified_gmt":"2025-10-22T09:16:22","slug":"vetements-accessoires-du-club","status":"publish","type":"page","link":"https:\/\/etriercahorsbegoux.com\/index.php\/vetements-accessoires-du-club\/","title":{"rendered":"V\u00eatements &amp; accessoires"},"content":{"rendered":"\t\t<div data-elementor-type=\"wp-page\" data-elementor-id=\"1634\" class=\"elementor elementor-1634\">\n\t\t\t\t\t\t<section class=\"elementor-section elementor-top-section elementor-element elementor-element-0433070 elementor-section-boxed elementor-section-height-default elementor-section-height-default\" data-id=\"0433070\" data-element_type=\"section\">\n\t\t\t\t\t\t<div class=\"elementor-container elementor-column-gap-default\">\n\t\t\t\t\t<div class=\"elementor-column elementor-col-100 elementor-top-column elementor-element elementor-element-c6d184e\" data-id=\"c6d184e\" data-element_type=\"column\">\n\t\t\t<div class=\"elementor-widget-wrap elementor-element-populated\">\n\t\t\t\t\t\t<div class=\"elementor-element elementor-element-670cbd6 elementor-widget elementor-widget-text-editor\" data-id=\"670cbd6\" data-element_type=\"widget\" data-widget_type=\"text-editor.default\">\n\t\t\t\t<div class=\"elementor-widget-container\">\n\t\t\t\t\t\t\t\t\t<p>D\u00e9couvrez la boutique de l&#8217;Etrier, pour y retrouver tous les articles notre centre \u00e9questre ! Chaque achat r\u00e9alis\u00e9 permet de soutenir notre association. Vous pouvez donc vous faire plaisir tout en contribuant \u00e0 l&#8217;aventure du club !&nbsp;<span style=\"font-family: var( --e-global-typography-text-font-family ), Sans-serif; font-weight: var( --e-global-typography-text-font-weight );\">\ud83d\ude09<\/span><\/p>\n<p><strong>Le prochaine commande aura lieu le 19 novembre<\/strong>. Les articles seront disponibles au club la semaine avant les vacances de No\u00ebl \ud83c\udf81 Les bonnets, gants et \u00e9charpes sont en \u00e9dition sp\u00e9ciales jusqu&#8217;\u00e0 No\u00ebl !<\/p>\n<p>Vous pouvez choisir les articles de votre choix ci-dessous, les tailles\/pointures vous seront demand\u00e9es sur la page suivante.<\/p>\n<p>Retrouver sur ce lien les photos disponibles pour les mugs et coussins personnalis\u00e9s : <span style=\"text-decoration: underline;\"><span style=\"color: #000080; text-decoration: underline;\"><a style=\"color: #000080; text-decoration: underline;\" href=\"https:\/\/etriercahorsbegoux.com\/index.php\/photos-des-chevaux-et-poneys\/\">voir les photos<\/a><\/span><\/span>.<\/p>\t\t\t\t\t\t\t\t<\/div>\n\t\t\t\t<\/div>\n\t\t\t\t\t<\/div>\n\t\t<\/div>\n\t\t\t\t\t<\/div>\n\t\t<\/section>\n\t\t\t\t<section class=\"elementor-section elementor-top-section elementor-element elementor-element-8b67ee2 elementor-section-boxed elementor-section-height-default elementor-section-height-default\" data-id=\"8b67ee2\" data-element_type=\"section\">\n\t\t\t\t\t\t<div class=\"elementor-container elementor-column-gap-default\">\n\t\t\t\t\t<div class=\"elementor-column elementor-col-100 elementor-top-column elementor-element elementor-element-a40013e\" data-id=\"a40013e\" data-element_type=\"column\">\n\t\t\t<div class=\"elementor-widget-wrap elementor-element-populated\">\n\t\t\t\t\t\t<div class=\"elementor-element elementor-element-3105b08 elementor-widget elementor-widget-html\" data-id=\"3105b08\" data-element_type=\"widget\" data-widget_type=\"html.default\">\n\t\t\t\t<div class=\"elementor-widget-container\">\n\t\t\t\t\t<iframe id=\"haWidget\" allowtransparency=\"true\" scrolling=\"auto\" src=\"https:\/\/www.helloasso.com\/associations\/l-etrier-de-cahors-begoux\/boutiques\/vetements-de-l-etrier\/widget\" style=\"width: 100%; height: 700px; border: none;\"><\/iframe>\t\t\t\t<\/div>\n\t\t\t\t<\/div>\n\t\t\t\t\t<\/div>\n\t\t<\/div>\n\t\t\t\t\t<\/div>\n\t\t<\/section>\n\t\t\t\t<\/div>\n\t\t","protected":false},"excerpt":{"rendered":"<p>D\u00e9couvrez la boutique de l&#8217;Etrier, pour y retrouver tous les articles notre centre \u00e9questre ! Chaque achat r\u00e9alis\u00e9 permet de [&hellip;]<\/p>\n","protected":false},"author":1,"featured_media":0,"parent":0,"menu_order":0,"comment_status":"closed","ping_status":"closed","template":"","meta":{"_monsterinsights_skip_tracking":false,"_monsterinsights_sitenote_active":false,"_monsterinsights_sitenote_note":"","_monsterinsights_sitenote_category":0,"footnotes":""},"class_list":["post-1634","page","type-page","status-publish","hentry"],"_links":{"self":[{"href":"https:\/\/etriercahorsbegoux.com\/index.php\/wp-json\/wp\/v2\/pages\/1634","targetHints":{"allow":["GET"]}}],"collection":[{"href":"https:\/\/etriercahorsbegoux.com\/index.php\/wp-json\/wp\/v2\/pages"}],"about":[{"href":"https:\/\/etriercahorsbegoux.com\/index.php\/wp-json\/wp\/v2\/types\/page"}],"author":[{"embeddable":true,"href":"https:\/\/etriercahorsbegoux.com\/index.php\/wp-json\/wp\/v2\/users\/1"}],"replies":[{"embeddable":true,"href":"https:\/\/etriercahorsbegoux.com\/index.php\/wp-json\/wp\/v2\/comments?post=1634"}],"version-history":[{"count":26,"href":"https:\/\/etriercahorsbegoux.com\/index.php\/wp-json\/wp\/v2\/pages\/1634\/revisions"}],"predecessor-version":[{"id":2268,"href":"https:\/\/etriercahorsbegoux.com\/index.php\/wp-json\/wp\/v2\/pages\/1634\/revisions\/2268"}],"wp:attachment":[{"href":"https:\/\/etriercahorsbegoux.com\/index.php\/wp-json\/wp\/v2\/media?parent=1634"}],"curies":[{"name":"wp","href":"https:\/\/api.w.org\/{rel}","templated":true}]}}