{"id":31,"date":"2022-06-15T23:30:17","date_gmt":"2022-06-15T21:30:17","guid":{"rendered":"http:\/\/etriercahorsbegoux.com\/?page_id=31"},"modified":"2022-09-25T11:41:42","modified_gmt":"2022-09-25T09:41:42","slug":"nos-infrastructures","status":"publish","type":"page","link":"https:\/\/etriercahorsbegoux.com\/index.php\/nos-infrastructures\/","title":{"rendered":"Nos infrastructures"},"content":{"rendered":"\t\t<div data-elementor-type=\"wp-page\" data-elementor-id=\"31\" class=\"elementor elementor-31\">\n\t\t\t\t\t\t<section class=\"elementor-section elementor-top-section elementor-element elementor-element-4040960 elementor-section-boxed elementor-section-height-default elementor-section-height-default\" data-id=\"4040960\" data-element_type=\"section\">\n\t\t\t\t\t\t<div class=\"elementor-container elementor-column-gap-default\">\n\t\t\t\t\t<div class=\"elementor-column elementor-col-100 elementor-top-column elementor-element elementor-element-3196965\" data-id=\"3196965\" data-element_type=\"column\">\n\t\t\t<div class=\"elementor-widget-wrap elementor-element-populated\">\n\t\t\t\t\t\t<div class=\"elementor-element elementor-element-365129d elementor-widget elementor-widget-image\" data-id=\"365129d\" data-element_type=\"widget\" data-widget_type=\"image.default\">\n\t\t\t\t<div class=\"elementor-widget-container\">\n\t\t\t\t\t\t\t\t\t\t\t\t\t\t\t<img fetchpriority=\"high\" decoding=\"async\" width=\"1600\" height=\"577\" src=\"https:\/\/etriercahorsbegoux.com\/wp-content\/uploads\/2022\/09\/WhatsApp-Image-2022-09-24-at-11.25.123.jpeg\" class=\"attachment-2048x2048 size-2048x2048 wp-image-859\" alt=\"\" srcset=\"https:\/\/etriercahorsbegoux.com\/wp-content\/uploads\/2022\/09\/WhatsApp-Image-2022-09-24-at-11.25.123.jpeg 1600w, https:\/\/etriercahorsbegoux.com\/wp-content\/uploads\/2022\/09\/WhatsApp-Image-2022-09-24-at-11.25.123-300x108.jpeg 300w, https:\/\/etriercahorsbegoux.com\/wp-content\/uploads\/2022\/09\/WhatsApp-Image-2022-09-24-at-11.25.123-1024x369.jpeg 1024w, https:\/\/etriercahorsbegoux.com\/wp-content\/uploads\/2022\/09\/WhatsApp-Image-2022-09-24-at-11.25.123-768x277.jpeg 768w, https:\/\/etriercahorsbegoux.com\/wp-content\/uploads\/2022\/09\/WhatsApp-Image-2022-09-24-at-11.25.123-1536x554.jpeg 1536w\" sizes=\"(max-width: 1600px) 100vw, 1600px\" \/>\t\t\t\t\t\t\t\t\t\t\t\t\t\t\t<\/div>\n\t\t\t\t<\/div>\n\t\t\t\t\t<\/div>\n\t\t<\/div>\n\t\t\t\t\t<\/div>\n\t\t<\/section>\n\t\t\t\t<section class=\"elementor-section elementor-top-section elementor-element elementor-element-71cd04d elementor-section-boxed elementor-section-height-default elementor-section-height-default\" data-id=\"71cd04d\" data-element_type=\"section\">\n\t\t\t\t\t\t<div class=\"elementor-container elementor-column-gap-default\">\n\t\t\t\t\t<div class=\"elementor-column elementor-col-100 elementor-top-column elementor-element elementor-element-2ba2a7c\" data-id=\"2ba2a7c\" data-element_type=\"column\">\n\t\t\t<div class=\"elementor-widget-wrap elementor-element-populated\">\n\t\t\t\t\t\t<div class=\"elementor-element elementor-element-6d7a757 elementor-widget elementor-widget-spacer\" data-id=\"6d7a757\" data-element_type=\"widget\" data-widget_type=\"spacer.default\">\n\t\t\t\t<div class=\"elementor-widget-container\">\n\t\t\t\t\t\t\t<div class=\"elementor-spacer\">\n\t\t\t<div class=\"elementor-spacer-inner\"><\/div>\n\t\t<\/div>\n\t\t\t\t\t\t<\/div>\n\t\t\t\t<\/div>\n\t\t\t\t\t<\/div>\n\t\t<\/div>\n\t\t\t\t\t<\/div>\n\t\t<\/section>\n\t\t\t\t<section class=\"elementor-section elementor-top-section elementor-element elementor-element-1f7af94 elementor-section-boxed elementor-section-height-default elementor-section-height-default\" data-id=\"1f7af94\" data-element_type=\"section\">\n\t\t\t\t\t\t<div class=\"elementor-container elementor-column-gap-default\">\n\t\t\t\t\t<div class=\"elementor-column elementor-col-25 elementor-top-column elementor-element elementor-element-6e2e4a5\" data-id=\"6e2e4a5\" data-element_type=\"column\">\n\t\t\t<div class=\"elementor-widget-wrap elementor-element-populated\">\n\t\t\t\t\t\t<div class=\"elementor-element elementor-element-3248c7d elementor-widget elementor-widget-image\" data-id=\"3248c7d\" data-element_type=\"widget\" data-widget_type=\"image.default\">\n\t\t\t\t<div class=\"elementor-widget-container\">\n\t\t\t\t\t\t\t\t\t\t\t\t\t\t\t<img decoding=\"async\" width=\"819\" height=\"614\" src=\"https:\/\/etriercahorsbegoux.com\/wp-content\/uploads\/2022\/09\/WhatsApp-Image-2022-09-24-at-11.25.121-1024x768.jpeg\" class=\"attachment-large size-large wp-image-861\" alt=\"\" srcset=\"https:\/\/etriercahorsbegoux.com\/wp-content\/uploads\/2022\/09\/WhatsApp-Image-2022-09-24-at-11.25.121-1024x768.jpeg 1024w, https:\/\/etriercahorsbegoux.com\/wp-content\/uploads\/2022\/09\/WhatsApp-Image-2022-09-24-at-11.25.121-300x225.jpeg 300w, https:\/\/etriercahorsbegoux.com\/wp-content\/uploads\/2022\/09\/WhatsApp-Image-2022-09-24-at-11.25.121-768x576.jpeg 768w, https:\/\/etriercahorsbegoux.com\/wp-content\/uploads\/2022\/09\/WhatsApp-Image-2022-09-24-at-11.25.121-1536x1152.jpeg 1536w, https:\/\/etriercahorsbegoux.com\/wp-content\/uploads\/2022\/09\/WhatsApp-Image-2022-09-24-at-11.25.121.jpeg 1600w\" sizes=\"(max-width: 819px) 100vw, 819px\" \/>\t\t\t\t\t\t\t\t\t\t\t\t\t\t\t<\/div>\n\t\t\t\t<\/div>\n\t\t\t\t\t<\/div>\n\t\t<\/div>\n\t\t\t\t<div class=\"elementor-column elementor-col-25 elementor-top-column elementor-element elementor-element-7932e77\" data-id=\"7932e77\" data-element_type=\"column\">\n\t\t\t<div class=\"elementor-widget-wrap elementor-element-populated\">\n\t\t\t\t\t\t<div class=\"elementor-element elementor-element-c14e661 elementor-widget elementor-widget-image\" data-id=\"c14e661\" data-element_type=\"widget\" data-widget_type=\"image.default\">\n\t\t\t\t<div class=\"elementor-widget-container\">\n\t\t\t\t\t\t\t\t\t\t\t\t\t\t\t<img decoding=\"async\" width=\"256\" height=\"191\" src=\"https:\/\/etriercahorsbegoux.com\/wp-content\/uploads\/2022\/09\/WhatsApp-Image-2022-09-24-at-11.25.122.jpeg\" class=\"attachment-large size-large wp-image-860\" alt=\"\" \/>\t\t\t\t\t\t\t\t\t\t\t\t\t\t\t<\/div>\n\t\t\t\t<\/div>\n\t\t\t\t\t<\/div>\n\t\t<\/div>\n\t\t\t\t<div class=\"elementor-column elementor-col-50 elementor-top-column elementor-element elementor-element-ea032a2\" data-id=\"ea032a2\" data-element_type=\"column\">\n\t\t\t<div class=\"elementor-widget-wrap elementor-element-populated\">\n\t\t\t\t\t\t<div class=\"elementor-element elementor-element-4055af5 elementor-widget elementor-widget-heading\" data-id=\"4055af5\" data-element_type=\"widget\" data-widget_type=\"heading.default\">\n\t\t\t\t<div class=\"elementor-widget-container\">\n\t\t\t\t\t<h4 class=\"elementor-heading-title elementor-size-default\">Espaces de travail<\/h4>\t\t\t\t<\/div>\n\t\t\t\t<\/div>\n\t\t\t\t<div class=\"elementor-element elementor-element-f62f955 elementor-widget elementor-widget-text-editor\" data-id=\"f62f955\" data-element_type=\"widget\" data-widget_type=\"text-editor.default\">\n\t\t\t\t<div class=\"elementor-widget-container\">\n\t\t\t\t\t\t\t\t\t<p>Situ\u00e9 au bord Lot nous poss\u00e9dons plusieurs espaces de travail pour y organiser les cours selon l\u2019\u00e2ge des cavaliers et le th\u00e8me de la s\u00e9ance :<\/p><ul><li aria-level=\"1\">une grande carri\u00e8re de 60&#215;45 m\u00e8tres<\/li><li aria-level=\"1\">une petite carri\u00e8re de 40&#215;20 m\u00e8tres<\/li><li aria-level=\"1\">un man\u00e8ge (espace de travail couvert)<\/li><li aria-level=\"1\">un rond de longe<\/li><\/ul>\t\t\t\t\t\t\t\t<\/div>\n\t\t\t\t<\/div>\n\t\t\t\t\t<\/div>\n\t\t<\/div>\n\t\t\t\t\t<\/div>\n\t\t<\/section>\n\t\t\t\t<section class=\"elementor-section elementor-top-section elementor-element elementor-element-ba701e6 elementor-section-boxed elementor-section-height-default elementor-section-height-default\" data-id=\"ba701e6\" data-element_type=\"section\">\n\t\t\t\t\t\t<div class=\"elementor-container elementor-column-gap-default\">\n\t\t\t\t\t<div class=\"elementor-column elementor-col-100 elementor-top-column elementor-element elementor-element-9afe6d8\" data-id=\"9afe6d8\" data-element_type=\"column\">\n\t\t\t<div class=\"elementor-widget-wrap elementor-element-populated\">\n\t\t\t\t\t\t<div class=\"elementor-element elementor-element-b38b3cf elementor-widget elementor-widget-spacer\" data-id=\"b38b3cf\" data-element_type=\"widget\" data-widget_type=\"spacer.default\">\n\t\t\t\t<div class=\"elementor-widget-container\">\n\t\t\t\t\t\t\t<div class=\"elementor-spacer\">\n\t\t\t<div class=\"elementor-spacer-inner\"><\/div>\n\t\t<\/div>\n\t\t\t\t\t\t<\/div>\n\t\t\t\t<\/div>\n\t\t\t\t\t<\/div>\n\t\t<\/div>\n\t\t\t\t\t<\/div>\n\t\t<\/section>\n\t\t\t\t<section class=\"elementor-section elementor-top-section elementor-element elementor-element-67020eb elementor-section-boxed elementor-section-height-default elementor-section-height-default\" data-id=\"67020eb\" data-element_type=\"section\">\n\t\t\t\t\t\t<div class=\"elementor-container elementor-column-gap-default\">\n\t\t\t\t\t<div class=\"elementor-column elementor-col-50 elementor-top-column elementor-element elementor-element-5f6fd2a\" data-id=\"5f6fd2a\" data-element_type=\"column\">\n\t\t\t<div class=\"elementor-widget-wrap elementor-element-populated\">\n\t\t\t\t\t\t<div class=\"elementor-element elementor-element-c21e4a3 elementor-widget elementor-widget-heading\" data-id=\"c21e4a3\" data-element_type=\"widget\" data-widget_type=\"heading.default\">\n\t\t\t\t<div class=\"elementor-widget-container\">\n\t\t\t\t\t<h4 class=\"elementor-heading-title elementor-size-default\">Zones d'habitation des poneys et chevaux<\/h4>\t\t\t\t<\/div>\n\t\t\t\t<\/div>\n\t\t\t\t<div class=\"elementor-element elementor-element-f8e2055 elementor-widget elementor-widget-text-editor\" data-id=\"f8e2055\" data-element_type=\"widget\" data-widget_type=\"text-editor.default\">\n\t\t\t\t<div class=\"elementor-widget-container\">\n\t\t\t\t\t\t\t\t\t<p>Nos chevaux et poneys disposent de plusieurs zones d\u2019habitation :<\/p><ul><li aria-level=\"1\">un abri pour les poneys<\/li><li aria-level=\"1\">une vingtaine de boxes<\/li><li aria-level=\"1\">six pr\u00e9s <\/li><\/ul><p>A cela s&#8217;ajoute \u00e9galement une douche en ext\u00e9rieur.<\/p>\t\t\t\t\t\t\t\t<\/div>\n\t\t\t\t<\/div>\n\t\t\t\t\t<\/div>\n\t\t<\/div>\n\t\t\t\t<div class=\"elementor-column elementor-col-25 elementor-top-column elementor-element elementor-element-51a5261\" data-id=\"51a5261\" data-element_type=\"column\">\n\t\t\t<div class=\"elementor-widget-wrap elementor-element-populated\">\n\t\t\t\t\t\t<div class=\"elementor-element elementor-element-176d5c8 elementor-widget elementor-widget-image\" data-id=\"176d5c8\" data-element_type=\"widget\" data-widget_type=\"image.default\">\n\t\t\t\t<div class=\"elementor-widget-container\">\n\t\t\t\t\t\t\t\t\t\t\t\t\t\t\t<img loading=\"lazy\" decoding=\"async\" width=\"819\" height=\"540\" src=\"https:\/\/etriercahorsbegoux.com\/wp-content\/uploads\/2022\/09\/WhatsApp-Image-2022-09-24-at-11.25.12-1024x675.jpeg\" class=\"attachment-large size-large wp-image-862\" alt=\"\" srcset=\"https:\/\/etriercahorsbegoux.com\/wp-content\/uploads\/2022\/09\/WhatsApp-Image-2022-09-24-at-11.25.12-1024x675.jpeg 1024w, https:\/\/etriercahorsbegoux.com\/wp-content\/uploads\/2022\/09\/WhatsApp-Image-2022-09-24-at-11.25.12-300x198.jpeg 300w, https:\/\/etriercahorsbegoux.com\/wp-content\/uploads\/2022\/09\/WhatsApp-Image-2022-09-24-at-11.25.12-768x506.jpeg 768w, https:\/\/etriercahorsbegoux.com\/wp-content\/uploads\/2022\/09\/WhatsApp-Image-2022-09-24-at-11.25.12-1536x1012.jpeg 1536w, https:\/\/etriercahorsbegoux.com\/wp-content\/uploads\/2022\/09\/WhatsApp-Image-2022-09-24-at-11.25.12.jpeg 1600w\" sizes=\"(max-width: 819px) 100vw, 819px\" \/>\t\t\t\t\t\t\t\t\t\t\t\t\t\t\t<\/div>\n\t\t\t\t<\/div>\n\t\t\t\t\t<\/div>\n\t\t<\/div>\n\t\t\t\t<div class=\"elementor-column elementor-col-25 elementor-top-column elementor-element elementor-element-d4b5946\" data-id=\"d4b5946\" data-element_type=\"column\">\n\t\t\t<div class=\"elementor-widget-wrap elementor-element-populated\">\n\t\t\t\t\t\t<div class=\"elementor-element elementor-element-b4379cf elementor-widget elementor-widget-image\" data-id=\"b4379cf\" data-element_type=\"widget\" data-widget_type=\"image.default\">\n\t\t\t\t<div class=\"elementor-widget-container\">\n\t\t\t\t\t\t\t\t\t\t\t\t\t\t\t<img loading=\"lazy\" decoding=\"async\" width=\"819\" height=\"545\" src=\"https:\/\/etriercahorsbegoux.com\/wp-content\/uploads\/2022\/09\/WhatsApp-Image-2022-09-24-at-11.25.13-1024x682.jpeg\" class=\"attachment-large size-large wp-image-858\" alt=\"\" srcset=\"https:\/\/etriercahorsbegoux.com\/wp-content\/uploads\/2022\/09\/WhatsApp-Image-2022-09-24-at-11.25.13-1024x682.jpeg 1024w, https:\/\/etriercahorsbegoux.com\/wp-content\/uploads\/2022\/09\/WhatsApp-Image-2022-09-24-at-11.25.13-300x200.jpeg 300w, https:\/\/etriercahorsbegoux.com\/wp-content\/uploads\/2022\/09\/WhatsApp-Image-2022-09-24-at-11.25.13-768x512.jpeg 768w, https:\/\/etriercahorsbegoux.com\/wp-content\/uploads\/2022\/09\/WhatsApp-Image-2022-09-24-at-11.25.13-1536x1023.jpeg 1536w, https:\/\/etriercahorsbegoux.com\/wp-content\/uploads\/2022\/09\/WhatsApp-Image-2022-09-24-at-11.25.13.jpeg 1600w\" sizes=\"(max-width: 819px) 100vw, 819px\" \/>\t\t\t\t\t\t\t\t\t\t\t\t\t\t\t<\/div>\n\t\t\t\t<\/div>\n\t\t\t\t\t<\/div>\n\t\t<\/div>\n\t\t\t\t\t<\/div>\n\t\t<\/section>\n\t\t\t\t<section class=\"elementor-section elementor-top-section elementor-element elementor-element-74015d3 elementor-section-boxed elementor-section-height-default elementor-section-height-default\" data-id=\"74015d3\" data-element_type=\"section\">\n\t\t\t\t\t\t<div class=\"elementor-container elementor-column-gap-default\">\n\t\t\t\t\t<div class=\"elementor-column elementor-col-100 elementor-top-column elementor-element elementor-element-a9acb47\" data-id=\"a9acb47\" data-element_type=\"column\">\n\t\t\t<div class=\"elementor-widget-wrap elementor-element-populated\">\n\t\t\t\t\t\t<div class=\"elementor-element elementor-element-fb0319c elementor-widget elementor-widget-spacer\" data-id=\"fb0319c\" data-element_type=\"widget\" data-widget_type=\"spacer.default\">\n\t\t\t\t<div class=\"elementor-widget-container\">\n\t\t\t\t\t\t\t<div class=\"elementor-spacer\">\n\t\t\t<div class=\"elementor-spacer-inner\"><\/div>\n\t\t<\/div>\n\t\t\t\t\t\t<\/div>\n\t\t\t\t<\/div>\n\t\t\t\t\t<\/div>\n\t\t<\/div>\n\t\t\t\t\t<\/div>\n\t\t<\/section>\n\t\t\t\t<section class=\"elementor-section elementor-top-section elementor-element elementor-element-1f6154f elementor-section-boxed elementor-section-height-default elementor-section-height-default\" data-id=\"1f6154f\" data-element_type=\"section\">\n\t\t\t\t\t\t<div class=\"elementor-container elementor-column-gap-default\">\n\t\t\t\t\t<div class=\"elementor-column elementor-col-50 elementor-top-column elementor-element elementor-element-bea7569\" data-id=\"bea7569\" data-element_type=\"column\">\n\t\t\t<div class=\"elementor-widget-wrap elementor-element-populated\">\n\t\t\t\t\t\t<div class=\"elementor-element elementor-element-ca905cd elementor-widget elementor-widget-image\" data-id=\"ca905cd\" data-element_type=\"widget\" data-widget_type=\"image.default\">\n\t\t\t\t<div class=\"elementor-widget-container\">\n\t\t\t\t\t\t\t\t\t\t\t\t\t\t\t<img loading=\"lazy\" decoding=\"async\" width=\"819\" height=\"614\" src=\"https:\/\/etriercahorsbegoux.com\/wp-content\/uploads\/2022\/09\/WhatsApp-Image-2022-09-24-at-11.25.09.jpeg\" class=\"attachment-large size-large wp-image-863\" alt=\"\" srcset=\"https:\/\/etriercahorsbegoux.com\/wp-content\/uploads\/2022\/09\/WhatsApp-Image-2022-09-24-at-11.25.09.jpeg 1000w, https:\/\/etriercahorsbegoux.com\/wp-content\/uploads\/2022\/09\/WhatsApp-Image-2022-09-24-at-11.25.09-300x225.jpeg 300w, https:\/\/etriercahorsbegoux.com\/wp-content\/uploads\/2022\/09\/WhatsApp-Image-2022-09-24-at-11.25.09-768x576.jpeg 768w\" sizes=\"(max-width: 819px) 100vw, 819px\" \/>\t\t\t\t\t\t\t\t\t\t\t\t\t\t\t<\/div>\n\t\t\t\t<\/div>\n\t\t\t\t\t<\/div>\n\t\t<\/div>\n\t\t\t\t<div class=\"elementor-column elementor-col-50 elementor-top-column elementor-element elementor-element-c0bfc4f\" data-id=\"c0bfc4f\" data-element_type=\"column\">\n\t\t\t<div class=\"elementor-widget-wrap elementor-element-populated\">\n\t\t\t\t\t\t<div class=\"elementor-element elementor-element-0cb62ca elementor-widget elementor-widget-heading\" data-id=\"0cb62ca\" data-element_type=\"widget\" data-widget_type=\"heading.default\">\n\t\t\t\t<div class=\"elementor-widget-container\">\n\t\t\t\t\t<h4 class=\"elementor-heading-title elementor-size-default\">Locaux<\/h4>\t\t\t\t<\/div>\n\t\t\t\t<\/div>\n\t\t\t\t<div class=\"elementor-element elementor-element-5066364 elementor-widget elementor-widget-text-editor\" data-id=\"5066364\" data-element_type=\"widget\" data-widget_type=\"text-editor.default\">\n\t\t\t\t<div class=\"elementor-widget-container\">\n\t\t\t\t\t\t\t\t\t<p>Enfin, pour le confort de tous, des espaces communs sont disponibles :<\/p><ul><li aria-level=\"1\">une sellerie avec le mat\u00e9riel de nos chevaux et poneys<\/li><li aria-level=\"1\">une sellerie pour les propri\u00e9taires<\/li><li aria-level=\"1\">un club house<\/li><li aria-level=\"1\">des WC et une douche accessibles aux personnes \u00e0 mobilit\u00e9 r\u00e9duite\u00a0<\/li><\/ul>\t\t\t\t\t\t\t\t<\/div>\n\t\t\t\t<\/div>\n\t\t\t\t\t<\/div>\n\t\t<\/div>\n\t\t\t\t\t<\/div>\n\t\t<\/section>\n\t\t\t\t<\/div>\n\t\t","protected":false},"excerpt":{"rendered":"<p>Espaces de travail Situ\u00e9 au bord Lot nous poss\u00e9dons plusieurs espaces de travail pour y organiser les cours selon l\u2019\u00e2ge [&hellip;]<\/p>\n","protected":false},"author":1,"featured_media":0,"parent":0,"menu_order":0,"comment_status":"closed","ping_status":"closed","template":"","meta":{"_monsterinsights_skip_tracking":false,"_monsterinsights_sitenote_active":false,"_monsterinsights_sitenote_note":"","_monsterinsights_sitenote_category":0,"footnotes":""},"class_list":["post-31","page","type-page","status-publish","hentry"],"_links":{"self":[{"href":"https:\/\/etriercahorsbegoux.com\/index.php\/wp-json\/wp\/v2\/pages\/31","targetHints":{"allow":["GET"]}}],"collection":[{"href":"https:\/\/etriercahorsbegoux.com\/index.php\/wp-json\/wp\/v2\/pages"}],"about":[{"href":"https:\/\/etriercahorsbegoux.com\/index.php\/wp-json\/wp\/v2\/types\/page"}],"author":[{"embeddable":true,"href":"https:\/\/etriercahorsbegoux.com\/index.php\/wp-json\/wp\/v2\/users\/1"}],"replies":[{"embeddable":true,"href":"https:\/\/etriercahorsbegoux.com\/index.php\/wp-json\/wp\/v2\/comments?post=31"}],"version-history":[{"count":25,"href":"https:\/\/etriercahorsbegoux.com\/index.php\/wp-json\/wp\/v2\/pages\/31\/revisions"}],"predecessor-version":[{"id":874,"href":"https:\/\/etriercahorsbegoux.com\/index.php\/wp-json\/wp\/v2\/pages\/31\/revisions\/874"}],"wp:attachment":[{"href":"https:\/\/etriercahorsbegoux.com\/index.php\/wp-json\/wp\/v2\/media?parent=31"}],"curies":[{"name":"wp","href":"https:\/\/api.w.org\/{rel}","templated":true}]}}