{"id":652,"date":"2022-07-28T14:20:41","date_gmt":"2022-07-28T12:20:41","guid":{"rendered":"http:\/\/etriercahorsbegoux.com\/?page_id=652"},"modified":"2023-07-22T15:41:22","modified_gmt":"2023-07-22T13:41:22","slug":"lequitation-adaptee","status":"publish","type":"page","link":"https:\/\/etriercahorsbegoux.com\/index.php\/lequitation-adaptee\/","title":{"rendered":"Equitation adapt\u00e9e"},"content":{"rendered":"\t\t<div data-elementor-type=\"wp-page\" data-elementor-id=\"652\" class=\"elementor elementor-652\">\n\t\t\t\t\t\t<section class=\"elementor-section elementor-top-section elementor-element elementor-element-ff46420 elementor-section-boxed elementor-section-height-default elementor-section-height-default\" data-id=\"ff46420\" data-element_type=\"section\">\n\t\t\t\t\t\t<div class=\"elementor-container elementor-column-gap-default\">\n\t\t\t\t\t<div class=\"elementor-column elementor-col-100 elementor-top-column elementor-element elementor-element-381b339\" data-id=\"381b339\" data-element_type=\"column\">\n\t\t\t<div class=\"elementor-widget-wrap elementor-element-populated\">\n\t\t\t\t\t\t<div class=\"elementor-element elementor-element-64231ec elementor-widget elementor-widget-text-editor\" data-id=\"64231ec\" data-element_type=\"widget\" data-widget_type=\"text-editor.default\">\n\t\t\t\t<div class=\"elementor-widget-container\">\n\t\t\t\t\t\t\t\t\t<p>Notre centre \u00e9questre organise des s\u00e9ances d&#8217;\u00e9quitation adapt\u00e9e qui se destinent \u00e0 des personnes en situation de handicap. Ces activit\u00e9s ont prouv\u00e9 leurs bienfaits gr\u00e2ce \u00e0 des collaborations r\u00e9p\u00e9t\u00e9es avec des nombreuses structures d&#8217;accueil environnantes.<\/p>\t\t\t\t\t\t\t\t<\/div>\n\t\t\t\t<\/div>\n\t\t\t\t\t<\/div>\n\t\t<\/div>\n\t\t\t\t\t<\/div>\n\t\t<\/section>\n\t\t\t\t<section class=\"elementor-section elementor-top-section elementor-element elementor-element-36c8efe elementor-section-boxed elementor-section-height-default elementor-section-height-default\" data-id=\"36c8efe\" data-element_type=\"section\">\n\t\t\t\t\t\t<div class=\"elementor-container elementor-column-gap-default\">\n\t\t\t\t\t<div class=\"elementor-column elementor-col-33 elementor-top-column elementor-element elementor-element-b670a99\" data-id=\"b670a99\" data-element_type=\"column\">\n\t\t\t<div class=\"elementor-widget-wrap elementor-element-populated\">\n\t\t\t\t\t\t<div class=\"elementor-element elementor-element-d84b735 elementor-widget elementor-widget-image\" data-id=\"d84b735\" data-element_type=\"widget\" data-widget_type=\"image.default\">\n\t\t\t\t<div class=\"elementor-widget-container\">\n\t\t\t\t\t\t\t\t\t\t\t\t\t\t\t<img fetchpriority=\"high\" decoding=\"async\" width=\"819\" height=\"819\" src=\"https:\/\/etriercahorsbegoux.com\/wp-content\/uploads\/2022\/07\/Journee-motricite-equitation-poney-1-1024x1024.jpg\" class=\"attachment-large size-large wp-image-659\" alt=\"\" srcset=\"https:\/\/etriercahorsbegoux.com\/wp-content\/uploads\/2022\/07\/Journee-motricite-equitation-poney-1-1024x1024.jpg 1024w, https:\/\/etriercahorsbegoux.com\/wp-content\/uploads\/2022\/07\/Journee-motricite-equitation-poney-1-300x300.jpg 300w, https:\/\/etriercahorsbegoux.com\/wp-content\/uploads\/2022\/07\/Journee-motricite-equitation-poney-1-150x150.jpg 150w, https:\/\/etriercahorsbegoux.com\/wp-content\/uploads\/2022\/07\/Journee-motricite-equitation-poney-1-768x768.jpg 768w, https:\/\/etriercahorsbegoux.com\/wp-content\/uploads\/2022\/07\/Journee-motricite-equitation-poney-1-600x600.jpg 600w, https:\/\/etriercahorsbegoux.com\/wp-content\/uploads\/2022\/07\/Journee-motricite-equitation-poney-1.jpg 1080w\" sizes=\"(max-width: 819px) 100vw, 819px\" \/>\t\t\t\t\t\t\t\t\t\t\t\t\t\t\t<\/div>\n\t\t\t\t<\/div>\n\t\t\t\t<section class=\"elementor-section elementor-inner-section elementor-element elementor-element-6b06459 elementor-section-boxed elementor-section-height-default elementor-section-height-default\" data-id=\"6b06459\" data-element_type=\"section\">\n\t\t\t\t\t\t<div class=\"elementor-container elementor-column-gap-default\">\n\t\t\t\t\t<div class=\"elementor-column elementor-col-50 elementor-inner-column elementor-element elementor-element-ff35af3\" data-id=\"ff35af3\" data-element_type=\"column\">\n\t\t\t<div class=\"elementor-widget-wrap elementor-element-populated\">\n\t\t\t\t\t\t<div class=\"elementor-element elementor-element-73bb556 elementor-widget elementor-widget-image\" data-id=\"73bb556\" data-element_type=\"widget\" data-widget_type=\"image.default\">\n\t\t\t\t<div class=\"elementor-widget-container\">\n\t\t\t\t\t\t\t\t\t\t\t\t\t\t\t<img decoding=\"async\" src=\"http:\/\/www.equi-libre-midipyrenees.fr\/WP\/wp-content\/uploads\/2017\/12\/label.jpg\" title=\"\" alt=\"\" loading=\"lazy\" \/>\t\t\t\t\t\t\t\t\t\t\t\t\t\t\t<\/div>\n\t\t\t\t<\/div>\n\t\t\t\t\t<\/div>\n\t\t<\/div>\n\t\t\t\t<div class=\"elementor-column elementor-col-50 elementor-inner-column elementor-element elementor-element-9d58e32\" data-id=\"9d58e32\" data-element_type=\"column\">\n\t\t\t<div class=\"elementor-widget-wrap elementor-element-populated\">\n\t\t\t\t\t\t<div class=\"elementor-element elementor-element-3fd32bd elementor-widget elementor-widget-image\" data-id=\"3fd32bd\" data-element_type=\"widget\" data-widget_type=\"image.default\">\n\t\t\t\t<div class=\"elementor-widget-container\">\n\t\t\t\t\t\t\t\t\t\t\t\t\t\t\t<img decoding=\"async\" width=\"200\" height=\"200\" src=\"https:\/\/etriercahorsbegoux.com\/wp-content\/uploads\/2022\/07\/Label-bien-etre-animal-FFE.jpg\" class=\"attachment-large size-large wp-image-661\" alt=\"\" srcset=\"https:\/\/etriercahorsbegoux.com\/wp-content\/uploads\/2022\/07\/Label-bien-etre-animal-FFE.jpg 200w, https:\/\/etriercahorsbegoux.com\/wp-content\/uploads\/2022\/07\/Label-bien-etre-animal-FFE-150x150.jpg 150w\" sizes=\"(max-width: 200px) 100vw, 200px\" \/>\t\t\t\t\t\t\t\t\t\t\t\t\t\t\t<\/div>\n\t\t\t\t<\/div>\n\t\t\t\t\t<\/div>\n\t\t<\/div>\n\t\t\t\t\t<\/div>\n\t\t<\/section>\n\t\t\t\t\t<\/div>\n\t\t<\/div>\n\t\t\t\t<div class=\"elementor-column elementor-col-66 elementor-top-column elementor-element elementor-element-c72ee55\" data-id=\"c72ee55\" data-element_type=\"column\">\n\t\t\t<div class=\"elementor-widget-wrap elementor-element-populated\">\n\t\t\t\t\t\t<div class=\"elementor-element elementor-element-4a0ea77 elementor-widget elementor-widget-heading\" data-id=\"4a0ea77\" data-element_type=\"widget\" data-widget_type=\"heading.default\">\n\t\t\t\t<div class=\"elementor-widget-container\">\n\t\t\t\t\t<h3 class=\"elementor-heading-title elementor-size-default\">Organisation des s\u00e9ances<\/h3>\t\t\t\t<\/div>\n\t\t\t\t<\/div>\n\t\t\t\t<div class=\"elementor-element elementor-element-579f9ed elementor-widget elementor-widget-text-editor\" data-id=\"579f9ed\" data-element_type=\"widget\" data-widget_type=\"text-editor.default\">\n\t\t\t\t<div class=\"elementor-widget-container\">\n\t\t\t\t\t\t\t\t\t<p>Les s\u00e9ances se d\u00e9roulent avec nos <strong>monitrices dipl\u00f4m\u00e9es<\/strong>, dont C\u00e9cile qui d\u00e9tient un BEES en activit\u00e9s physiques et sportives adapt\u00e9es ainsi qu&#8217;un brevet f\u00e9d\u00e9ral d&#8217;encadrement en \u00e9qui-handi (mention handicap mental). Nous disposons d&#8217;<strong>infrastructures sp\u00e9cifiques<\/strong> (montoir, r\u00eanes p\u00e9dagogiques&#8230;) pour permettre \u00e0 tous de pratiquer l&#8217;\u00e9quitation. Les s\u00e9ances se destinent \u00e0 <strong>tous les publics et tous les niveaux<\/strong>, enfants comme adultes. Selon les envies et les besoins de chacun, <strong>les s\u00e9ances peuvent \u00eatre collectives ou individuelles<\/strong>.<\/p><p>Les activit\u00e9s sont vari\u00e9es, en veillant au caract\u00e8re <strong>p\u00e9dagogique et ludique<\/strong> de chacune d&#8217;entre elles : s\u00e9ances traditionnels, balades, travail \u00e0 pied, jeux, exercices de motricit\u00e9&#8230; L&#8217;animal est plac\u00e9 au centre pour qu&#8217;une <strong>relation<\/strong> avec le cavalier puisse se faire. Nos chevaux et poneys sont form\u00e9s et <strong>adapt\u00e9s \u00e0 ce public<\/strong>.<\/p>\t\t\t\t\t\t\t\t<\/div>\n\t\t\t\t<\/div>\n\t\t\t\t\t<\/div>\n\t\t<\/div>\n\t\t\t\t\t<\/div>\n\t\t<\/section>\n\t\t\t\t<section class=\"elementor-section elementor-top-section elementor-element elementor-element-d264913 elementor-section-boxed elementor-section-height-default elementor-section-height-default\" data-id=\"d264913\" data-element_type=\"section\">\n\t\t\t\t\t\t<div class=\"elementor-container elementor-column-gap-default\">\n\t\t\t\t\t<div class=\"elementor-column elementor-col-100 elementor-top-column elementor-element elementor-element-42bcb4f\" data-id=\"42bcb4f\" data-element_type=\"column\">\n\t\t\t<div class=\"elementor-widget-wrap elementor-element-populated\">\n\t\t\t\t\t\t<div class=\"elementor-element elementor-element-db5ad43 elementor-widget elementor-widget-spacer\" data-id=\"db5ad43\" data-element_type=\"widget\" data-widget_type=\"spacer.default\">\n\t\t\t\t<div class=\"elementor-widget-container\">\n\t\t\t\t\t\t\t<div class=\"elementor-spacer\">\n\t\t\t<div class=\"elementor-spacer-inner\"><\/div>\n\t\t<\/div>\n\t\t\t\t\t\t<\/div>\n\t\t\t\t<\/div>\n\t\t\t\t\t<\/div>\n\t\t<\/div>\n\t\t\t\t\t<\/div>\n\t\t<\/section>\n\t\t\t\t<section class=\"elementor-section elementor-top-section elementor-element elementor-element-11c31bd elementor-section-boxed elementor-section-height-default elementor-section-height-default\" data-id=\"11c31bd\" data-element_type=\"section\">\n\t\t\t\t\t\t<div class=\"elementor-container elementor-column-gap-default\">\n\t\t\t\t\t<div class=\"elementor-column elementor-col-100 elementor-top-column elementor-element elementor-element-b0164c5\" data-id=\"b0164c5\" data-element_type=\"column\">\n\t\t\t<div class=\"elementor-widget-wrap elementor-element-populated\">\n\t\t\t\t\t\t<section class=\"elementor-section elementor-inner-section elementor-element elementor-element-34e7392 elementor-section-boxed elementor-section-height-default elementor-section-height-default\" data-id=\"34e7392\" data-element_type=\"section\">\n\t\t\t\t\t\t<div class=\"elementor-container elementor-column-gap-default\">\n\t\t\t\t\t<div class=\"elementor-column elementor-col-50 elementor-inner-column elementor-element elementor-element-8b4155f\" data-id=\"8b4155f\" data-element_type=\"column\">\n\t\t\t<div class=\"elementor-widget-wrap elementor-element-populated\">\n\t\t\t\t\t\t<div class=\"elementor-element elementor-element-9a53ba6 elementor-widget elementor-widget-heading\" data-id=\"9a53ba6\" data-element_type=\"widget\" data-widget_type=\"heading.default\">\n\t\t\t\t<div class=\"elementor-widget-container\">\n\t\t\t\t\t<h3 class=\"elementor-heading-title elementor-size-default\">Les int\u00e9r\u00eats de l'\u00e9quitation adapt\u00e9e<\/h3>\t\t\t\t<\/div>\n\t\t\t\t<\/div>\n\t\t\t\t<div class=\"elementor-element elementor-element-e57306a elementor-icon-list--layout-traditional elementor-list-item-link-full_width elementor-widget elementor-widget-icon-list\" data-id=\"e57306a\" data-element_type=\"widget\" data-widget_type=\"icon-list.default\">\n\t\t\t\t<div class=\"elementor-widget-container\">\n\t\t\t\t\t\t\t<ul class=\"elementor-icon-list-items\">\n\t\t\t\t\t\t\t<li class=\"elementor-icon-list-item\">\n\t\t\t\t\t\t\t\t\t\t\t<span class=\"elementor-icon-list-icon\">\n\t\t\t\t\t\t\t<i aria-hidden=\"true\" class=\"fas fa-horse-head\"><\/i>\t\t\t\t\t\t<\/span>\n\t\t\t\t\t\t\t\t\t\t<span class=\"elementor-icon-list-text\">Travail sur la confiance en soi<\/span>\n\t\t\t\t\t\t\t\t\t<\/li>\n\t\t\t\t\t\t\t\t<li class=\"elementor-icon-list-item\">\n\t\t\t\t\t\t\t\t\t\t\t<span class=\"elementor-icon-list-icon\">\n\t\t\t\t\t\t\t<i aria-hidden=\"true\" class=\"fas fa-horse-head\"><\/i>\t\t\t\t\t\t<\/span>\n\t\t\t\t\t\t\t\t\t\t<span class=\"elementor-icon-list-text\">Sortie de son environnement habituel et d\u00e9couverte d'un nouvel espace<\/span>\n\t\t\t\t\t\t\t\t\t<\/li>\n\t\t\t\t\t\t\t\t<li class=\"elementor-icon-list-item\">\n\t\t\t\t\t\t\t\t\t\t\t<span class=\"elementor-icon-list-icon\">\n\t\t\t\t\t\t\t<i aria-hidden=\"true\" class=\"fas fa-horse-head\"><\/i>\t\t\t\t\t\t<\/span>\n\t\t\t\t\t\t\t\t\t\t<span class=\"elementor-icon-list-text\">Pratique d'une activit\u00e9 physique et sportive dans un cadre d\u00e9di\u00e9<\/span>\n\t\t\t\t\t\t\t\t\t<\/li>\n\t\t\t\t\t\t\t\t<li class=\"elementor-icon-list-item\">\n\t\t\t\t\t\t\t\t\t\t\t<span class=\"elementor-icon-list-icon\">\n\t\t\t\t\t\t\t<i aria-hidden=\"true\" class=\"fas fa-horse-head\"><\/i>\t\t\t\t\t\t<\/span>\n\t\t\t\t\t\t\t\t\t\t<span class=\"elementor-icon-list-text\">Am\u00e9lioration de la motricit\u00e9<\/span>\n\t\t\t\t\t\t\t\t\t<\/li>\n\t\t\t\t\t\t\t\t<li class=\"elementor-icon-list-item\">\n\t\t\t\t\t\t\t\t\t\t\t<span class=\"elementor-icon-list-icon\">\n\t\t\t\t\t\t\t<i aria-hidden=\"true\" class=\"fas fa-horse-head\"><\/i>\t\t\t\t\t\t<\/span>\n\t\t\t\t\t\t\t\t\t\t<span class=\"elementor-icon-list-text\">Favoriser la communication <\/span>\n\t\t\t\t\t\t\t\t\t<\/li>\n\t\t\t\t\t\t\t\t<li class=\"elementor-icon-list-item\">\n\t\t\t\t\t\t\t\t\t\t\t<span class=\"elementor-icon-list-icon\">\n\t\t\t\t\t\t\t<i aria-hidden=\"true\" class=\"fas fa-horse-head\"><\/i>\t\t\t\t\t\t<\/span>\n\t\t\t\t\t\t\t\t\t\t<span class=\"elementor-icon-list-text\">Int\u00e9gration et travail en groupe (pour les cours collectifs)<\/span>\n\t\t\t\t\t\t\t\t\t<\/li>\n\t\t\t\t\t\t\t\t<li class=\"elementor-icon-list-item\">\n\t\t\t\t\t\t\t\t\t\t\t<span class=\"elementor-icon-list-icon\">\n\t\t\t\t\t\t\t<i aria-hidden=\"true\" class=\"fas fa-horse-head\"><\/i>\t\t\t\t\t\t<\/span>\n\t\t\t\t\t\t\t\t\t\t<span class=\"elementor-icon-list-text\">Etablissement d'une relation de confiance et d'\u00e9coute avec le poney\/cheval<\/span>\n\t\t\t\t\t\t\t\t\t<\/li>\n\t\t\t\t\t\t\t\t<li class=\"elementor-icon-list-item\">\n\t\t\t\t\t\t\t\t\t\t\t<span class=\"elementor-icon-list-icon\">\n\t\t\t\t\t\t\t<i aria-hidden=\"true\" class=\"fas fa-horse-head\"><\/i>\t\t\t\t\t\t<\/span>\n\t\t\t\t\t\t\t\t\t\t<span class=\"elementor-icon-list-text\">Rencontre et mise en place d'un lien de confiance avec la monitrice<\/span>\n\t\t\t\t\t\t\t\t\t<\/li>\n\t\t\t\t\t\t<\/ul>\n\t\t\t\t\t\t<\/div>\n\t\t\t\t<\/div>\n\t\t\t\t\t<\/div>\n\t\t<\/div>\n\t\t\t\t<div class=\"elementor-column elementor-col-50 elementor-inner-column elementor-element elementor-element-70cfce2\" data-id=\"70cfce2\" data-element_type=\"column\">\n\t\t\t<div class=\"elementor-widget-wrap elementor-element-populated\">\n\t\t\t\t\t\t<div class=\"elementor-element elementor-element-fdc4b81 elementor-widget elementor-widget-image\" data-id=\"fdc4b81\" data-element_type=\"widget\" data-widget_type=\"image.default\">\n\t\t\t\t<div class=\"elementor-widget-container\">\n\t\t\t\t\t\t\t\t\t\t\t\t\t\t\t<img decoding=\"async\" width=\"819\" height=\"819\" src=\"https:\/\/etriercahorsbegoux.com\/wp-content\/uploads\/2022\/07\/Journee-motricite-equitation-poney-2-1024x1024.jpg\" class=\"attachment-large size-large wp-image-660\" alt=\"\" srcset=\"https:\/\/etriercahorsbegoux.com\/wp-content\/uploads\/2022\/07\/Journee-motricite-equitation-poney-2-1024x1024.jpg 1024w, https:\/\/etriercahorsbegoux.com\/wp-content\/uploads\/2022\/07\/Journee-motricite-equitation-poney-2-300x300.jpg 300w, https:\/\/etriercahorsbegoux.com\/wp-content\/uploads\/2022\/07\/Journee-motricite-equitation-poney-2-150x150.jpg 150w, https:\/\/etriercahorsbegoux.com\/wp-content\/uploads\/2022\/07\/Journee-motricite-equitation-poney-2-768x768.jpg 768w, https:\/\/etriercahorsbegoux.com\/wp-content\/uploads\/2022\/07\/Journee-motricite-equitation-poney-2-600x600.jpg 600w, https:\/\/etriercahorsbegoux.com\/wp-content\/uploads\/2022\/07\/Journee-motricite-equitation-poney-2.jpg 1080w\" sizes=\"(max-width: 819px) 100vw, 819px\" \/>\t\t\t\t\t\t\t\t\t\t\t\t\t\t\t<\/div>\n\t\t\t\t<\/div>\n\t\t\t\t\t<\/div>\n\t\t<\/div>\n\t\t\t\t\t<\/div>\n\t\t<\/section>\n\t\t\t\t\t<\/div>\n\t\t<\/div>\n\t\t\t\t\t<\/div>\n\t\t<\/section>\n\t\t\t\t<\/div>\n\t\t","protected":false},"excerpt":{"rendered":"<p>Notre centre \u00e9questre organise des s\u00e9ances d&#8217;\u00e9quitation adapt\u00e9e qui se destinent \u00e0 des personnes en situation de handicap. Ces activit\u00e9s [&hellip;]<\/p>\n","protected":false},"author":1,"featured_media":0,"parent":0,"menu_order":0,"comment_status":"closed","ping_status":"closed","template":"","meta":{"_monsterinsights_skip_tracking":false,"_monsterinsights_sitenote_active":false,"_monsterinsights_sitenote_note":"","_monsterinsights_sitenote_category":0,"footnotes":""},"class_list":["post-652","page","type-page","status-publish","hentry"],"_links":{"self":[{"href":"https:\/\/etriercahorsbegoux.com\/index.php\/wp-json\/wp\/v2\/pages\/652","targetHints":{"allow":["GET"]}}],"collection":[{"href":"https:\/\/etriercahorsbegoux.com\/index.php\/wp-json\/wp\/v2\/pages"}],"about":[{"href":"https:\/\/etriercahorsbegoux.com\/index.php\/wp-json\/wp\/v2\/types\/page"}],"author":[{"embeddable":true,"href":"https:\/\/etriercahorsbegoux.com\/index.php\/wp-json\/wp\/v2\/users\/1"}],"replies":[{"embeddable":true,"href":"https:\/\/etriercahorsbegoux.com\/index.php\/wp-json\/wp\/v2\/comments?post=652"}],"version-history":[{"count":11,"href":"https:\/\/etriercahorsbegoux.com\/index.php\/wp-json\/wp\/v2\/pages\/652\/revisions"}],"predecessor-version":[{"id":1210,"href":"https:\/\/etriercahorsbegoux.com\/index.php\/wp-json\/wp\/v2\/pages\/652\/revisions\/1210"}],"wp:attachment":[{"href":"https:\/\/etriercahorsbegoux.com\/index.php\/wp-json\/wp\/v2\/media?parent=652"}],"curies":[{"name":"wp","href":"https:\/\/api.w.org\/{rel}","templated":true}]}}